{"id":5744,"date":"2021-03-25T13:39:13","date_gmt":"2021-03-25T13:39:13","guid":{"rendered":"https:\/\/www.esteio.com.br\/?page_id=5744"},"modified":"2022-03-02T19:37:05","modified_gmt":"2022-03-02T19:37:05","slug":"trabalhos-e-artigos-2021","status":"publish","type":"page","link":"https:\/\/www.esteio.com.br\/es\/download\/trabalhos-e-artigos\/trabalhos-e-artigos-2021\/","title":{"rendered":"(Portugu\u00eas do Brasil) Trabalhos e Artigos 2021"},"content":{"rendered":"<p class=\"qtranxs-available-languages-message qtranxs-available-languages-message-es\">Disculpa, pero esta entrada est\u00e1 disponible s\u00f3lo en <a href=\"https:\/\/www.esteio.com.br\/br\/wp-json\/wp\/v2\/pages\/5744\" class=\"qtranxs-available-language-link qtranxs-available-language-link-br\" title=\"Portugu\u00eas do Brasil\">Portugu\u00eas do Brasil<\/a>.<\/p>","protected":false},"excerpt":{"rendered":"<p>Disculpa, pero esta entrada est\u00e1 disponible s\u00f3lo en Portugu\u00eas do Brasil.<\/p>\n","protected":false},"author":1,"featured_media":0,"parent":1603,"menu_order":0,"comment_status":"closed","ping_status":"closed","template":"template-left-sidebar.php","meta":{"footnotes":""},"class_list":["post-5744","page","type-page","status-publish","hentry"],"_links":{"self":[{"href":"https:\/\/www.esteio.com.br\/es\/wp-json\/wp\/v2\/pages\/5744","targetHints":{"allow":["GET"]}}],"collection":[{"href":"https:\/\/www.esteio.com.br\/es\/wp-json\/wp\/v2\/pages"}],"about":[{"href":"https:\/\/www.esteio.com.br\/es\/wp-json\/wp\/v2\/types\/page"}],"author":[{"embeddable":true,"href":"https:\/\/www.esteio.com.br\/es\/wp-json\/wp\/v2\/users\/1"}],"replies":[{"embeddable":true,"href":"https:\/\/www.esteio.com.br\/es\/wp-json\/wp\/v2\/comments?post=5744"}],"version-history":[{"count":5,"href":"https:\/\/www.esteio.com.br\/es\/wp-json\/wp\/v2\/pages\/5744\/revisions"}],"predecessor-version":[{"id":5947,"href":"https:\/\/www.esteio.com.br\/es\/wp-json\/wp\/v2\/pages\/5744\/revisions\/5947"}],"up":[{"embeddable":true,"href":"https:\/\/www.esteio.com.br\/es\/wp-json\/wp\/v2\/pages\/1603"}],"wp:attachment":[{"href":"https:\/\/www.esteio.com.br\/es\/wp-json\/wp\/v2\/media?parent=5744"}],"curies":[{"name":"wp","href":"https:\/\/api.w.org\/{rel}","templated":true}]}}