{"id":7099,"date":"2025-04-01T13:29:27","date_gmt":"2025-04-01T13:29:27","guid":{"rendered":"https:\/\/www.esteio.com.br\/?page_id=7099"},"modified":"2025-04-01T14:19:32","modified_gmt":"2025-04-01T14:19:32","slug":"historico-da-aviacao-da-esteio","status":"publish","type":"page","link":"https:\/\/www.esteio.com.br\/es\/variedades\/historico-da-aviacao-da-esteio\/","title":{"rendered":"(Portugu\u00eas do Brasil) Hist\u00f3rico da Avia\u00e7\u00e3o da ESTEIO"},"content":{"rendered":"<p class=\"qtranxs-available-languages-message qtranxs-available-languages-message-es\">Disculpa, pero esta entrada est\u00e1 disponible s\u00f3lo en <a href=\"https:\/\/www.esteio.com.br\/br\/wp-json\/wp\/v2\/pages\/7099\" class=\"qtranxs-available-language-link qtranxs-available-language-link-br\" title=\"Portugu\u00eas do Brasil\">Portugu\u00eas do Brasil<\/a>.<\/p>","protected":false},"excerpt":{"rendered":"<p>Disculpa, pero esta entrada est\u00e1 disponible s\u00f3lo en Portugu\u00eas do Brasil.<\/p>\n","protected":false},"author":1,"featured_media":7104,"parent":3126,"menu_order":0,"comment_status":"closed","ping_status":"closed","template":"","meta":{"footnotes":""},"class_list":["post-7099","page","type-page","status-publish","has-post-thumbnail","hentry"],"_links":{"self":[{"href":"https:\/\/www.esteio.com.br\/es\/wp-json\/wp\/v2\/pages\/7099","targetHints":{"allow":["GET"]}}],"collection":[{"href":"https:\/\/www.esteio.com.br\/es\/wp-json\/wp\/v2\/pages"}],"about":[{"href":"https:\/\/www.esteio.com.br\/es\/wp-json\/wp\/v2\/types\/page"}],"author":[{"embeddable":true,"href":"https:\/\/www.esteio.com.br\/es\/wp-json\/wp\/v2\/users\/1"}],"replies":[{"embeddable":true,"href":"https:\/\/www.esteio.com.br\/es\/wp-json\/wp\/v2\/comments?post=7099"}],"version-history":[{"count":8,"href":"https:\/\/www.esteio.com.br\/es\/wp-json\/wp\/v2\/pages\/7099\/revisions"}],"predecessor-version":[{"id":7113,"href":"https:\/\/www.esteio.com.br\/es\/wp-json\/wp\/v2\/pages\/7099\/revisions\/7113"}],"up":[{"embeddable":true,"href":"https:\/\/www.esteio.com.br\/es\/wp-json\/wp\/v2\/pages\/3126"}],"wp:featuredmedia":[{"embeddable":true,"href":"https:\/\/www.esteio.com.br\/es\/wp-json\/wp\/v2\/media\/7104"}],"wp:attachment":[{"href":"https:\/\/www.esteio.com.br\/es\/wp-json\/wp\/v2\/media?parent=7099"}],"curies":[{"name":"wp","href":"https:\/\/api.w.org\/{rel}","templated":true}]}}