{"id":7286,"date":"2025-12-17T14:57:45","date_gmt":"2025-12-17T14:57:45","guid":{"rendered":"https:\/\/www.esteio.com.br\/?page_id=7286"},"modified":"2026-03-31T18:49:19","modified_gmt":"2026-03-31T18:49:19","slug":"calendario-2026","status":"publish","type":"page","link":"https:\/\/www.esteio.com.br\/es\/variedades-2\/calendario-2026\/","title":{"rendered":"(Portugu\u00eas do Brasil) Calend\u00e1rio 2026"},"content":{"rendered":"<p class=\"qtranxs-available-languages-message qtranxs-available-languages-message-es\">Disculpa, pero esta entrada est\u00e1 disponible s\u00f3lo en <a href=\"https:\/\/www.esteio.com.br\/br\/wp-json\/wp\/v2\/pages\/7286\" class=\"qtranxs-available-language-link qtranxs-available-language-link-br\" title=\"Portugu\u00eas do Brasil\">Portugu\u00eas do Brasil<\/a>.<\/p>","protected":false},"excerpt":{"rendered":"<p>Disculpa, pero esta entrada est\u00e1 disponible s\u00f3lo en Portugu\u00eas do Brasil.<\/p>\n","protected":false},"author":1,"featured_media":7377,"parent":5261,"menu_order":0,"comment_status":"closed","ping_status":"closed","template":"","meta":{"footnotes":""},"class_list":["post-7286","page","type-page","status-publish","has-post-thumbnail","hentry"],"_links":{"self":[{"href":"https:\/\/www.esteio.com.br\/es\/wp-json\/wp\/v2\/pages\/7286","targetHints":{"allow":["GET"]}}],"collection":[{"href":"https:\/\/www.esteio.com.br\/es\/wp-json\/wp\/v2\/pages"}],"about":[{"href":"https:\/\/www.esteio.com.br\/es\/wp-json\/wp\/v2\/types\/page"}],"author":[{"embeddable":true,"href":"https:\/\/www.esteio.com.br\/es\/wp-json\/wp\/v2\/users\/1"}],"replies":[{"embeddable":true,"href":"https:\/\/www.esteio.com.br\/es\/wp-json\/wp\/v2\/comments?post=7286"}],"version-history":[{"count":24,"href":"https:\/\/www.esteio.com.br\/es\/wp-json\/wp\/v2\/pages\/7286\/revisions"}],"predecessor-version":[{"id":7457,"href":"https:\/\/www.esteio.com.br\/es\/wp-json\/wp\/v2\/pages\/7286\/revisions\/7457"}],"up":[{"embeddable":true,"href":"https:\/\/www.esteio.com.br\/es\/wp-json\/wp\/v2\/pages\/5261"}],"wp:featuredmedia":[{"embeddable":true,"href":"https:\/\/www.esteio.com.br\/es\/wp-json\/wp\/v2\/media\/7377"}],"wp:attachment":[{"href":"https:\/\/www.esteio.com.br\/es\/wp-json\/wp\/v2\/media?parent=7286"}],"curies":[{"name":"wp","href":"https:\/\/api.w.org\/{rel}","templated":true}]}}